{"id":1802,"date":"2023-10-18T17:46:13","date_gmt":"2023-10-18T17:46:13","guid":{"rendered":"https:\/\/irelandbeautystudio.com\/?post_type=product&#038;p=1802"},"modified":"2023-10-18T17:57:11","modified_gmt":"2023-10-18T17:57:11","slug":"uniq-one-classic-150ml","status":"publish","type":"product","link":"https:\/\/irelandbeautystudio.com\/index.php\/product\/uniq-one-classic-150ml\/","title":{"rendered":"Uniq One Classic 150ml."},"content":{"rendered":"<h3>\u00bfQu\u00e9 es?<\/h3>\n<p>Tratamiento sin enjuague con 10 beneficios reales.<\/p>\n<h3>\u00bfC\u00f3mo se usa?<\/h3>\n<p>En cabello h\u00famedo: aplicar a una distancia de 20 cms del cabello. Distribuir con las manos (y finalizar al natural, con secador, ondulador o plancha. No enjuagar.<br \/>\nEn cabello seco para sellado de puntas: Aplicar una peque\u00f1a cantidad en la mano y distribuir por el cabello de medios a puntas. No enjuagar.<\/p>\n<h3>Recomendado para:<\/h3>\n<p>Todo tipo de cabellos, sobre todo para quienes buscan un producto que de brillo, suavidad y protecci\u00f3n t\u00e9rmica en cabellos secos que se enredan f\u00e1cilmente.<\/p>\n","protected":false},"excerpt":{"rendered":"<p>Mascarilla de tratamiento sin enjuague con 10 beneficios reales:<\/p>\n<p>1. repara el cabello seco y da\u00f1ado.<br \/>\n2. brillo y control del frizz .<br \/>\n3. protecci\u00f3n t\u00e9rmica.<br \/>\n4. suavidad y sedosidad.<br \/>\n5. protecci\u00f3n del color con filtros uva y uvb.<br \/>\n6. facilita el peinado y el uso de la plancha.<br \/>\n7. sorprendente efecto desenredante.<br \/>\n8. mantiene el peinado por m\u00e1s tiempo.<br \/>\n9. previene las puntas abiertas.<br \/>\n10. aporta cuerpo y volumen.<\/p>\n","protected":false},"featured_media":1803,"comment_status":"open","ping_status":"closed","template":"","meta":{"_monsterinsights_skip_tracking":false,"_monsterinsights_sitenote_active":false,"_monsterinsights_sitenote_note":"","_monsterinsights_sitenote_category":0,"jetpack_post_was_ever_published":false,"_joinchat":[]},"product_brand":[],"product_cat":[35,36,25,34],"product_tag":[],"berocket_brand":[],"class_list":{"0":"post-1802","1":"product","2":"type-product","3":"status-publish","4":"has-post-thumbnail","6":"product_cat-escenciales","7":"product_cat-nuevo","8":"product_cat-productos","9":"product_cat-tratamiento","11":"first","12":"instock","13":"taxable","14":"shipping-taxable","15":"product-type-simple"},"aioseo_notices":[],"jetpack_sharing_enabled":true,"_links":{"self":[{"href":"https:\/\/irelandbeautystudio.com\/index.php\/wp-json\/wp\/v2\/product\/1802","targetHints":{"allow":["GET"]}}],"collection":[{"href":"https:\/\/irelandbeautystudio.com\/index.php\/wp-json\/wp\/v2\/product"}],"about":[{"href":"https:\/\/irelandbeautystudio.com\/index.php\/wp-json\/wp\/v2\/types\/product"}],"replies":[{"embeddable":true,"href":"https:\/\/irelandbeautystudio.com\/index.php\/wp-json\/wp\/v2\/comments?post=1802"}],"wp:featuredmedia":[{"embeddable":true,"href":"https:\/\/irelandbeautystudio.com\/index.php\/wp-json\/wp\/v2\/media\/1803"}],"wp:attachment":[{"href":"https:\/\/irelandbeautystudio.com\/index.php\/wp-json\/wp\/v2\/media?parent=1802"}],"wp:term":[{"taxonomy":"product_brand","embeddable":true,"href":"https:\/\/irelandbeautystudio.com\/index.php\/wp-json\/wp\/v2\/product_brand?post=1802"},{"taxonomy":"product_cat","embeddable":true,"href":"https:\/\/irelandbeautystudio.com\/index.php\/wp-json\/wp\/v2\/product_cat?post=1802"},{"taxonomy":"product_tag","embeddable":true,"href":"https:\/\/irelandbeautystudio.com\/index.php\/wp-json\/wp\/v2\/product_tag?post=1802"},{"taxonomy":"berocket_brand","embeddable":true,"href":"https:\/\/irelandbeautystudio.com\/index.php\/wp-json\/wp\/v2\/berocket_brand?post=1802"}],"curies":[{"name":"wp","href":"https:\/\/api.w.org\/{rel}","templated":true}]}}